{"id":12543,"date":"2025-04-07T11:11:53","date_gmt":"2025-04-07T09:11:53","guid":{"rendered":"https:\/\/www.dentalaldaz.com\/formacion-2\/"},"modified":"2025-05-21T08:21:02","modified_gmt":"2025-05-21T06:21:02","slug":"formacion-2","status":"publish","type":"page","link":"https:\/\/www.dentalaldaz.com\/eu\/formacion-2\/","title":{"rendered":"Formakuntza"},"content":{"rendered":"\n<div class=\"gb-element-7141075d\">\n<div class=\"gb-element-ef7be19a\">\n<h1 class=\"gb-text gb-text-f68e344c\">Formakuntza<\/h1>\n<\/div>\n<\/div>\n\n\n\n<div>\n<div class=\"gb-element-6ce13574\">\n<div class=\"gb-element-fafd500d\">\n<div>\n<h2 class=\"gb-text gb-text-d2a2c241\"><mark style=\"background-color:rgba(0, 0, 0, 0);color:#4eab97\" class=\"has-inline-color\">Aho-hortzen osasuneko profesionalentzako<\/mark> prestakuntza espezializatua<\/h2>\n\n\n\n<p class=\"gb-text gb-text-0959fd19\">Gure klinikan etengabeko prestakuntzan sinesten dugu kalitatezko odontologiarako gako gisa. Horregatik, higienista, laguntzaile eta odontologoentzako ikastaro espezializatuak eskaintzen ditugu, lanbidearen funtsezko arloetan teoria eta praktika uztartuz. Ikuspegi praktiko batekin, talde txikiekin eta esperientzia handiko irakasleekin, gure programek ikasitakoa lehen egunetik aplikatzeko aukera ematen dute.  <\/p>\n<\/div>\n\n\n\n<div>\n<figure class=\"wp-block-image aligncenter size-full\"><img loading=\"lazy\" decoding=\"async\" width=\"300\" height=\"218\" src=\"https:\/\/www.dentalaldaz.com\/wp-content\/uploads\/logo-formacion.webp\" alt=\"Aldaz Hortz Klinika\" class=\"wp-image-9641\" style=\"object-fit:cover\"\/><\/figure>\n<\/div>\n<\/div>\n\n\n\n<h2 class=\"gb-text gb-text-e811c48f\">Hurrengo ikastaroak<\/h2>\n\n\n\n<div class=\"gb-element-21a8a67c\">\n<div>\n<img loading=\"lazy\" decoding=\"async\" width=\"1080\" height=\"1350\" class=\"gb-media-3c97f393\" src=\"https:\/\/www.dentalaldaz.com\/wp-content\/uploads\/formacion-carlos.jpg\" alt=\"Formacion Carlos\" title=\"Formacion Carlos\" srcset=\"https:\/\/www.dentalaldaz.com\/wp-content\/uploads\/formacion-carlos.jpg 1080w, https:\/\/www.dentalaldaz.com\/wp-content\/uploads\/formacion-carlos-980x1225.jpg 980w, https:\/\/www.dentalaldaz.com\/wp-content\/uploads\/formacion-carlos-480x600.jpg 480w\" sizes=\"(min-width: 0px) and (max-width: 480px) 480px, (min-width: 481px) and (max-width: 980px) 980px, (min-width: 981px) 1080px, 100vw\" \/>\n\n\n\n<h3 class=\"gb-text gb-text-7f6f3b88\">CIRUG\u00cdA MUCOGINGIVAL <br>\u00abDE LA TEOR\u00cdA A LA PR\u00c1CTICA\u00bb<\/h3>\n\n\n\n<p class=\"gb-text gb-text-97511cb5\">Un curso te\u00f3rico-pr\u00e1ctico donde aprender\u00e1s t\u00e9cnicas avanzadas para mejorar la calidad y cantidad de los tejidos blandos en torno a dientes e implantes.<\/p>\n\n\n\n<ul class=\"wp-block-list\">\n<li><strong>Fecha<\/strong>: Zehaztu gabe<\/li>\n\n\n\n<li><strong>Lekua<\/strong>: Lasarte- Oria<\/li>\n<\/ul>\n\n\n\n<a class=\"gb-text gb-text-e90217a1 boton-inscribirse\" href=\"https:\/\/www.dentalaldaz.com\/landing-page-formacion\/?curso=CIRUG\u00cdA+MUCOGINGIVAL.+DE+LA+TEOR\u00cdA+A+LA+PR\u00c1CTICA\" data-curso=\"CIRUG\u00cdA MUCOGINGIVAL . DE LA TEOR\u00cdA A LA PR\u00c1CTICA\">Inskripzioa<\/a>\n<\/div>\n\n\n\n<div>\n<img loading=\"lazy\" decoding=\"async\" width=\"2048\" height=\"2560\" class=\"gb-media-e83a59f5\" src=\"https:\/\/www.dentalaldaz.com\/wp-content\/uploads\/Diseno-curso-Alberto-Garcia-scaled-1.png\" alt=\"\" title=\"Diseno Curso Alberto Garcia Scaled\" srcset=\"https:\/\/www.dentalaldaz.com\/wp-content\/uploads\/Diseno-curso-Alberto-Garcia-scaled-1.png 2048w, https:\/\/www.dentalaldaz.com\/wp-content\/uploads\/Diseno-curso-Alberto-Garcia-scaled-1-1280x1600.png 1280w, https:\/\/www.dentalaldaz.com\/wp-content\/uploads\/Diseno-curso-Alberto-Garcia-scaled-1-980x1225.png 980w, https:\/\/www.dentalaldaz.com\/wp-content\/uploads\/Diseno-curso-Alberto-Garcia-scaled-1-480x600.png 480w\" sizes=\"(min-width: 0px) and (max-width: 480px) 480px, (min-width: 481px) and (max-width: 980px) 980px, (min-width: 981px) and (max-width: 1280px) 1280px, (min-width: 1281px) 2048px, 100vw\" \/>\n\n\n\n<h3 class=\"gb-text gb-text-267fde03\">PLANIFICACI\u00d3N EST\u00c9TICA <br>EN LA ERA DIGITAL<\/h3>\n\n\n\n<p class=\"gb-text gb-text-86c4a80e\">En este curso descubrir\u00e1s c\u00f3mo optimizar tus tratamientos est\u00e9ticos con las t\u00e9cnicas de planificaci\u00f3n digital m\u00e1s avanzadas, mocl-ups funcionales y consejos aplicables en tu pr\u00e1ctica cl\u00ednica diaria.<\/p>\n\n\n\n<ul class=\"wp-block-list\">\n<li><strong>Fecha<\/strong>: Azaroak 29 | 2025<\/li>\n\n\n\n<li><strong>Lekua<\/strong>: Lasarte- Oria<\/li>\n<\/ul>\n\n\n\n<a class=\"gb-text gb-text-41bbf1b5 boton-inscribirse\" href=\"https:\/\/www.dentalaldaz.com\/landing-page-formacion\/?curso=CIRUG\u00cdA+MUCOGINGIVAL.+DE+LA+TEOR\u00cdA+A+LA+PR\u00c1CTICA\" data-curso=\"CIRUG\u00cdA MUCOGINGIVAL . DE LA TEOR\u00cdA A LA PR\u00c1CTICA\">Inskripzioa<\/a>\n<\/div>\n<\/div>\n\n\n\n<h2 class=\"gb-text gb-text-e8d23b01\">Aurreko ikastaroak<\/h2>\n\n\n\n<div class=\"gb-element-6233ca8c\">\n<div>\n<img loading=\"lazy\" decoding=\"async\" width=\"1080\" height=\"1350\" class=\"gb-media-f971ac00\" src=\"https:\/\/www.dentalaldaz.com\/wp-content\/uploads\/Formacion-Odontopediatria.jpg\" alt=\"Formacion Odontopediatria\" title=\"Formacion Odontopediatria\" srcset=\"https:\/\/www.dentalaldaz.com\/wp-content\/uploads\/Formacion-Odontopediatria.jpg 1080w, https:\/\/www.dentalaldaz.com\/wp-content\/uploads\/Formacion-Odontopediatria-980x1225.jpg 980w, https:\/\/www.dentalaldaz.com\/wp-content\/uploads\/Formacion-Odontopediatria-480x600.jpg 480w\" sizes=\"(min-width: 0px) and (max-width: 480px) 480px, (min-width: 481px) and (max-width: 980px) 980px, (min-width: 981px) 1080px, 100vw\" \/>\n\n\n\n<h3 class=\"gb-text gb-text-117139b0\">ODONTOPEDIATR\u00cdA B\u00c1SICA PARA <br>EL HIGIENISTA Y AUXILIAR DENTAL<\/h3>\n\n\n\n<p class=\"gb-text gb-text-dafd261a\">Un curso esencial para higienistas y auxiliares dentales, donde aprender\u00e1s las t\u00e9cnicas y materiales m\u00e1s innovadores para garantizar la salud bucodental maternoinfantil y prevenir la caries desde la infancia.<\/p>\n\n\n\n<ul class=\"wp-block-list\">\n<li><strong>Data<\/strong>: Maiatzak 17 | 2025<\/li>\n\n\n\n<li><strong>Lekua<\/strong>: Lasarte- Oria<\/li>\n<\/ul>\n\n\n\n<a class=\"gb-text gb-text-bd6e77e2 boton-inscribirse\" href=\"https:\/\/www.dentalaldaz.com\/landing-page-formacion\/?curso=ODONTOPEDIATR\u00cdA+B\u00c1SICA+PARA+EL+HIGIENISTA+Y+AUXILIAR+DENTAL\" data-curso=\"ODONTOPEDIATR\u00cdA B\u00c1SICA PARA  EL HIGIENISTA Y AUXILIAR DENTAL\">Inskripzioa<\/a>\n<\/div>\n\n\n\n<div>\n<img loading=\"lazy\" decoding=\"async\" width=\"1080\" height=\"1350\" class=\"gb-media-4e0050e3\" src=\"https:\/\/www.dentalaldaz.com\/wp-content\/uploads\/curso-higienistas.png\" alt=\"Curso Higienistas\" title=\"Curso Higienistas\" srcset=\"https:\/\/www.dentalaldaz.com\/wp-content\/uploads\/curso-higienistas.png 1080w, https:\/\/www.dentalaldaz.com\/wp-content\/uploads\/curso-higienistas-980x1225.png 980w, https:\/\/www.dentalaldaz.com\/wp-content\/uploads\/curso-higienistas-480x600.png 480w\" sizes=\"(min-width: 0px) and (max-width: 480px) 480px, (min-width: 481px) and (max-width: 980px) 980px, (min-width: 981px) 1080px, 100vw\" \/>\n\n\n\n<h3 class=\"gb-text gb-text-12fadc41\">MANEJO DEL PACIENTE PERIODONTAL, PAPEL DEL HIGIENISTA EN EL TRATAMIENTO<\/h3>\n\n\n\n<p class=\"gb-text gb-text-7bfc25a8\">Un curso imprescindible para higienistas y auxiliares dentales, donde descubrir\u00e1s el papel clave en el tratamiento periodontal, aprendiendo t\u00e9cnicas actualizadas para el manejo eficaz del paciente y la prevenci\u00f3n de enfermedades periodontales.<\/p>\n\n\n\n<ul class=\"wp-block-list\">\n<li><strong>Data<\/strong>: Otsailak 1 | 2025<\/li>\n\n\n\n<li><strong>Lekua<\/strong>: Lasarte- Oria<\/li>\n<\/ul>\n<\/div>\n\n\n\n<div>\n<img loading=\"lazy\" decoding=\"async\" width=\"1080\" height=\"1350\" class=\"gb-media-1ee5836a\" src=\"https:\/\/www.dentalaldaz.com\/wp-content\/uploads\/curso-perio-1.png\" alt=\"Curso Perio\" title=\"Curso Perio\" srcset=\"https:\/\/www.dentalaldaz.com\/wp-content\/uploads\/curso-perio-1.png 1080w, https:\/\/www.dentalaldaz.com\/wp-content\/uploads\/curso-perio-1-980x1225.png 980w, https:\/\/www.dentalaldaz.com\/wp-content\/uploads\/curso-perio-1-480x600.png 480w\" sizes=\"(min-width: 0px) and (max-width: 480px) 480px, (min-width: 481px) and (max-width: 980px) 980px, (min-width: 981px) 1080px, 100vw\" \/>\n\n\n\n<h3 class=\"gb-text gb-text-b70ed18b\">PERIODONDCIA B\u00c1SICA PARA EL HIGIENISTA DENTAL<\/h3>\n\n\n\n<p class=\"gb-text gb-text-1034090a\">Abordaremos el papel clave del higienista dental en el tratamiento de pacientes con enfermedades periodontales.<\/p>\n\n\n\n<ul class=\"wp-block-list\">\n<li><strong>Data<\/strong>: Azaroak 22 | 2024<\/li>\n\n\n\n<li><strong>Lekua<\/strong>: Lasarte- Oria<\/li>\n<\/ul>\n<\/div>\n<\/div>\n<\/div>\n<\/div>\n","protected":false},"excerpt":{"rendered":"<p>Formakuntza Aho-hortzen osasuneko profesionalentzako prestakuntza espezializatua Gure klinikan etengabeko prestakuntzan sinesten dugu kalitatezko odontologiarako gako gisa. Horregatik, higienista, laguntzaile eta odontologoentzako ikastaro espezializatuak eskaintzen ditugu, lanbidearen funtsezko arloetan teoria eta praktika uztartuz. Ikuspegi praktiko batekin, talde txikiekin eta esperientzia handiko irakasleekin, gure programek ikasitakoa lehen egunetik aplikatzeko aukera ematen dute. Hurrengo ikastaroak CIRUG\u00cdA MUCOGINGIVAL \u00abDE [&hellip;]<\/p>\n","protected":false},"author":2,"featured_media":0,"parent":0,"menu_order":0,"comment_status":"closed","ping_status":"closed","template":"page-gutenberg-ancho-completo.php","meta":{"footnotes":""},"class_list":["post-12543","page","type-page","status-publish","hentry"],"yoast_head":"<!-- This site is optimized with the Yoast SEO plugin v27.3 - https:\/\/yoast.com\/product\/yoast-seo-wordpress\/ -->\n<title>Formakuntza - Cl\u00ednica Dental Aldaz<\/title>\n<meta name=\"robots\" content=\"index, follow, max-snippet:-1, max-image-preview:large, max-video-preview:-1\" \/>\n<link rel=\"canonical\" href=\"https:\/\/www.dentalaldaz.com\/eu\/formacion-2\/\" \/>\n<meta property=\"og:locale\" content=\"eu_ES\" \/>\n<meta property=\"og:type\" content=\"article\" \/>\n<meta property=\"og:title\" content=\"Formakuntza - Cl\u00ednica Dental Aldaz\" \/>\n<meta property=\"og:description\" content=\"Formakuntza Aho-hortzen osasuneko profesionalentzako prestakuntza espezializatua Gure klinikan etengabeko prestakuntzan sinesten dugu kalitatezko odontologiarako gako gisa. Horregatik, higienista, laguntzaile eta odontologoentzako ikastaro espezializatuak eskaintzen ditugu, lanbidearen funtsezko arloetan teoria eta praktika uztartuz. Ikuspegi praktiko batekin, talde txikiekin eta esperientzia handiko irakasleekin, gure programek ikasitakoa lehen egunetik aplikatzeko aukera ematen dute. Hurrengo ikastaroak CIRUG\u00cdA MUCOGINGIVAL \u00abDE [&hellip;]\" \/>\n<meta property=\"og:url\" content=\"https:\/\/www.dentalaldaz.com\/eu\/formacion-2\/\" \/>\n<meta property=\"og:site_name\" content=\"Cl\u00ednica Dental Aldaz\" \/>\n<meta property=\"article:publisher\" content=\"https:\/\/www.facebook.com\/clinicadentalaldaz\/\" \/>\n<meta property=\"article:modified_time\" content=\"2025-05-21T06:21:02+00:00\" \/>\n<meta property=\"og:image\" content=\"https:\/\/www.dentalaldaz.com\/wp-content\/uploads\/logo-formacion.webp\" \/>\n\t<meta property=\"og:image:width\" content=\"300\" \/>\n\t<meta property=\"og:image:height\" content=\"218\" \/>\n\t<meta property=\"og:image:type\" content=\"image\/webp\" \/>\n<meta name=\"twitter:card\" content=\"summary_large_image\" \/>\n<meta name=\"twitter:site\" content=\"@dentalaldaz\" \/>\n<meta name=\"twitter:label1\" content=\"Est. reading time\" \/>\n\t<meta name=\"twitter:data1\" content=\"3 minutes\" \/>\n<script type=\"application\/ld+json\" class=\"yoast-schema-graph\">{\"@context\":\"https:\\\/\\\/schema.org\",\"@graph\":[{\"@type\":\"WebPage\",\"@id\":\"https:\\\/\\\/www.dentalaldaz.com\\\/eu\\\/formacion-2\\\/\",\"url\":\"https:\\\/\\\/www.dentalaldaz.com\\\/eu\\\/formacion-2\\\/\",\"name\":\"Formakuntza - Cl\u00ednica Dental Aldaz\",\"isPartOf\":{\"@id\":\"https:\\\/\\\/www.dentalaldaz.com\\\/#website\"},\"primaryImageOfPage\":{\"@id\":\"https:\\\/\\\/www.dentalaldaz.com\\\/eu\\\/formacion-2\\\/#primaryimage\"},\"image\":{\"@id\":\"https:\\\/\\\/www.dentalaldaz.com\\\/eu\\\/formacion-2\\\/#primaryimage\"},\"thumbnailUrl\":\"https:\\\/\\\/www.dentalaldaz.com\\\/wp-content\\\/uploads\\\/logo-formacion.webp\",\"datePublished\":\"2025-04-07T09:11:53+00:00\",\"dateModified\":\"2025-05-21T06:21:02+00:00\",\"breadcrumb\":{\"@id\":\"https:\\\/\\\/www.dentalaldaz.com\\\/eu\\\/formacion-2\\\/#breadcrumb\"},\"inLanguage\":\"eu-ES\",\"potentialAction\":[{\"@type\":\"ReadAction\",\"target\":[\"https:\\\/\\\/www.dentalaldaz.com\\\/eu\\\/formacion-2\\\/\"]}]},{\"@type\":\"ImageObject\",\"inLanguage\":\"eu-ES\",\"@id\":\"https:\\\/\\\/www.dentalaldaz.com\\\/eu\\\/formacion-2\\\/#primaryimage\",\"url\":\"https:\\\/\\\/www.dentalaldaz.com\\\/wp-content\\\/uploads\\\/logo-formacion.webp\",\"contentUrl\":\"https:\\\/\\\/www.dentalaldaz.com\\\/wp-content\\\/uploads\\\/logo-formacion.webp\"},{\"@type\":\"BreadcrumbList\",\"@id\":\"https:\\\/\\\/www.dentalaldaz.com\\\/eu\\\/formacion-2\\\/#breadcrumb\",\"itemListElement\":[{\"@type\":\"ListItem\",\"position\":1,\"name\":\"Home\",\"item\":\"https:\\\/\\\/www.dentalaldaz.com\\\/eu\\\/\"},{\"@type\":\"ListItem\",\"position\":2,\"name\":\"Formakuntza\"}]},{\"@type\":\"WebSite\",\"@id\":\"https:\\\/\\\/www.dentalaldaz.com\\\/#website\",\"url\":\"https:\\\/\\\/www.dentalaldaz.com\\\/\",\"name\":\"Cl\u00ednica Dental Aldaz\",\"description\":\"\",\"publisher\":{\"@id\":\"https:\\\/\\\/www.dentalaldaz.com\\\/#organization\"},\"potentialAction\":[{\"@type\":\"SearchAction\",\"target\":{\"@type\":\"EntryPoint\",\"urlTemplate\":\"https:\\\/\\\/www.dentalaldaz.com\\\/?s={search_term_string}\"},\"query-input\":{\"@type\":\"PropertyValueSpecification\",\"valueRequired\":true,\"valueName\":\"search_term_string\"}}],\"inLanguage\":\"eu-ES\"},{\"@type\":\"Organization\",\"@id\":\"https:\\\/\\\/www.dentalaldaz.com\\\/#organization\",\"name\":\"Cl\u00ednica Dental Aldaz\",\"url\":\"https:\\\/\\\/www.dentalaldaz.com\\\/\",\"logo\":{\"@type\":\"ImageObject\",\"inLanguage\":\"eu-ES\",\"@id\":\"https:\\\/\\\/www.dentalaldaz.com\\\/#\\\/schema\\\/logo\\\/image\\\/\",\"url\":\"https:\\\/\\\/www.dentalaldaz.com\\\/wp-content\\\/uploads\\\/Aldaz_logo.svg\",\"contentUrl\":\"https:\\\/\\\/www.dentalaldaz.com\\\/wp-content\\\/uploads\\\/Aldaz_logo.svg\",\"width\":1,\"height\":1,\"caption\":\"Cl\u00ednica Dental Aldaz\"},\"image\":{\"@id\":\"https:\\\/\\\/www.dentalaldaz.com\\\/#\\\/schema\\\/logo\\\/image\\\/\"},\"sameAs\":[\"https:\\\/\\\/www.facebook.com\\\/clinicadentalaldaz\\\/\",\"https:\\\/\\\/x.com\\\/dentalaldaz\"]}]}<\/script>\n<!-- \/ Yoast SEO plugin. -->","yoast_head_json":{"title":"Formakuntza - Cl\u00ednica Dental Aldaz","robots":{"index":"index","follow":"follow","max-snippet":"max-snippet:-1","max-image-preview":"max-image-preview:large","max-video-preview":"max-video-preview:-1"},"canonical":"https:\/\/www.dentalaldaz.com\/eu\/formacion-2\/","og_locale":"eu_ES","og_type":"article","og_title":"Formakuntza - Cl\u00ednica Dental Aldaz","og_description":"Formakuntza Aho-hortzen osasuneko profesionalentzako prestakuntza espezializatua Gure klinikan etengabeko prestakuntzan sinesten dugu kalitatezko odontologiarako gako gisa. Horregatik, higienista, laguntzaile eta odontologoentzako ikastaro espezializatuak eskaintzen ditugu, lanbidearen funtsezko arloetan teoria eta praktika uztartuz. Ikuspegi praktiko batekin, talde txikiekin eta esperientzia handiko irakasleekin, gure programek ikasitakoa lehen egunetik aplikatzeko aukera ematen dute. Hurrengo ikastaroak CIRUG\u00cdA MUCOGINGIVAL \u00abDE [&hellip;]","og_url":"https:\/\/www.dentalaldaz.com\/eu\/formacion-2\/","og_site_name":"Cl\u00ednica Dental Aldaz","article_publisher":"https:\/\/www.facebook.com\/clinicadentalaldaz\/","article_modified_time":"2025-05-21T06:21:02+00:00","og_image":[{"width":300,"height":218,"url":"https:\/\/www.dentalaldaz.com\/wp-content\/uploads\/logo-formacion.webp","type":"image\/webp"}],"twitter_card":"summary_large_image","twitter_site":"@dentalaldaz","twitter_misc":{"Est. reading time":"3 minutes"},"schema":{"@context":"https:\/\/schema.org","@graph":[{"@type":"WebPage","@id":"https:\/\/www.dentalaldaz.com\/eu\/formacion-2\/","url":"https:\/\/www.dentalaldaz.com\/eu\/formacion-2\/","name":"Formakuntza - Cl\u00ednica Dental Aldaz","isPartOf":{"@id":"https:\/\/www.dentalaldaz.com\/#website"},"primaryImageOfPage":{"@id":"https:\/\/www.dentalaldaz.com\/eu\/formacion-2\/#primaryimage"},"image":{"@id":"https:\/\/www.dentalaldaz.com\/eu\/formacion-2\/#primaryimage"},"thumbnailUrl":"https:\/\/www.dentalaldaz.com\/wp-content\/uploads\/logo-formacion.webp","datePublished":"2025-04-07T09:11:53+00:00","dateModified":"2025-05-21T06:21:02+00:00","breadcrumb":{"@id":"https:\/\/www.dentalaldaz.com\/eu\/formacion-2\/#breadcrumb"},"inLanguage":"eu-ES","potentialAction":[{"@type":"ReadAction","target":["https:\/\/www.dentalaldaz.com\/eu\/formacion-2\/"]}]},{"@type":"ImageObject","inLanguage":"eu-ES","@id":"https:\/\/www.dentalaldaz.com\/eu\/formacion-2\/#primaryimage","url":"https:\/\/www.dentalaldaz.com\/wp-content\/uploads\/logo-formacion.webp","contentUrl":"https:\/\/www.dentalaldaz.com\/wp-content\/uploads\/logo-formacion.webp"},{"@type":"BreadcrumbList","@id":"https:\/\/www.dentalaldaz.com\/eu\/formacion-2\/#breadcrumb","itemListElement":[{"@type":"ListItem","position":1,"name":"Home","item":"https:\/\/www.dentalaldaz.com\/eu\/"},{"@type":"ListItem","position":2,"name":"Formakuntza"}]},{"@type":"WebSite","@id":"https:\/\/www.dentalaldaz.com\/#website","url":"https:\/\/www.dentalaldaz.com\/","name":"Cl\u00ednica Dental Aldaz","description":"","publisher":{"@id":"https:\/\/www.dentalaldaz.com\/#organization"},"potentialAction":[{"@type":"SearchAction","target":{"@type":"EntryPoint","urlTemplate":"https:\/\/www.dentalaldaz.com\/?s={search_term_string}"},"query-input":{"@type":"PropertyValueSpecification","valueRequired":true,"valueName":"search_term_string"}}],"inLanguage":"eu-ES"},{"@type":"Organization","@id":"https:\/\/www.dentalaldaz.com\/#organization","name":"Cl\u00ednica Dental Aldaz","url":"https:\/\/www.dentalaldaz.com\/","logo":{"@type":"ImageObject","inLanguage":"eu-ES","@id":"https:\/\/www.dentalaldaz.com\/#\/schema\/logo\/image\/","url":"https:\/\/www.dentalaldaz.com\/wp-content\/uploads\/Aldaz_logo.svg","contentUrl":"https:\/\/www.dentalaldaz.com\/wp-content\/uploads\/Aldaz_logo.svg","width":1,"height":1,"caption":"Cl\u00ednica Dental Aldaz"},"image":{"@id":"https:\/\/www.dentalaldaz.com\/#\/schema\/logo\/image\/"},"sameAs":["https:\/\/www.facebook.com\/clinicadentalaldaz\/","https:\/\/x.com\/dentalaldaz"]}]}},"_links":{"self":[{"href":"https:\/\/www.dentalaldaz.com\/eu\/wp-json\/wp\/v2\/pages\/12543","targetHints":{"allow":["GET"]}}],"collection":[{"href":"https:\/\/www.dentalaldaz.com\/eu\/wp-json\/wp\/v2\/pages"}],"about":[{"href":"https:\/\/www.dentalaldaz.com\/eu\/wp-json\/wp\/v2\/types\/page"}],"author":[{"embeddable":true,"href":"https:\/\/www.dentalaldaz.com\/eu\/wp-json\/wp\/v2\/users\/2"}],"replies":[{"embeddable":true,"href":"https:\/\/www.dentalaldaz.com\/eu\/wp-json\/wp\/v2\/comments?post=12543"}],"version-history":[{"count":3,"href":"https:\/\/www.dentalaldaz.com\/eu\/wp-json\/wp\/v2\/pages\/12543\/revisions"}],"predecessor-version":[{"id":13308,"href":"https:\/\/www.dentalaldaz.com\/eu\/wp-json\/wp\/v2\/pages\/12543\/revisions\/13308"}],"wp:attachment":[{"href":"https:\/\/www.dentalaldaz.com\/eu\/wp-json\/wp\/v2\/media?parent=12543"}],"curies":[{"name":"wp","href":"https:\/\/api.w.org\/{rel}","templated":true}]}}